{"id":26,"date":"2017-02-13T18:02:10","date_gmt":"2017-02-13T18:02:10","guid":{"rendered":"http:\/\/lus.se\/?page_id=26"},"modified":"2017-02-13T18:02:10","modified_gmt":"2017-02-13T18:02:10","slug":"vaggloss","status":"publish","type":"page","link":"https:\/\/www.djurwebb.se\/loss\/vaggloss","title":{"rendered":"V\u00e4ggl\u00f6ss"},"content":{"rendered":"<h3>V\u00e4ggl\u00f6ss<\/h3>\n<p>V\u00e4gglus (Cimex lectularius) \u00e4ven kallad sk\u00e4kta \u00e4r ingen egentlig lus utan en skinnbagge.<br \/>\nDen kan bli fem till \u00e5tta millimeter l\u00e5ng.<br \/>\nDet finns ca 70 arter i familjen Cimex men bara tv\u00e5 arter drabbar oss m\u00e4nniskor.<br \/>\nDe lever i springor i m\u00e4nniskors bost\u00e4der och under natten kommer de fram och biter sovande m\u00e4nniskor.<\/p>\n<h4>Uppt\u00e4cka v\u00e4ggl\u00f6ss<\/h4>\n<p>Det f\u00f6rsta tecknet p\u00e5 v\u00e4ggl\u00f6ss \u00e4r deras spillning som kan ses som sm\u00e5 svarta prickar i eller kring s\u00e4ngen. Man kan ocks\u00e5 se tomma skal som \u00f6msats, blodfl\u00e4ckar p\u00e5 lakan L\u00f6ssens spillning \u00e4r i sj\u00e4lva verket blod de sugit fr\u00e5n sin v\u00e4rd som de livn\u00e4rt sig p\u00e5.<\/p>\n<p>F\u00f6r att identifiera dessa sm\u00e5 prickar som blod kan man bl\u00f6ta ett finger och prova att \u201dsmeta ut\u201d pricken p\u00e5 en ljus yta.<br \/>\n\u00c4ndras f\u00e4rgen till m\u00f6rkr\u00f6tt \u00e4r det torkat blod\/spillning fr\u00e5n v\u00e4ggl\u00f6ss.<br \/>\nIbland kan \u00e4ven sm\u00e5 svarta streck synas, vilka ibland kan g\u00e5 i den riktning l\u00f6ssens boplats ligger.<br \/>\nSt\u00f6rre kolonier med l\u00f6ss avger ocks\u00e5 en karakteristisk, n\u00e5got mj\u00f6lig lukt.<br \/>\nEtt annat s\u00e4tt att uppt\u00e4cka att man drabbats av v\u00e4ggl\u00f6ss \u00e4r att man har v\u00e4ggl\u00f6ssbett n\u00e4r man vaknar. Bettst\u00e4llet \u00e4r normalt bara en r\u00f6d prick, men personer med k\u00e4nslig hud kan f\u00e5 kraftiga reaktioner av betten.<\/p>\n<p><a href=\"http:\/\/media.lus.se\/2017\/02\/vagglossbett-1-1.jpg\"><img loading=\"lazy\" decoding=\"async\" class=\"alignnone size-full wp-image-27\" src=\"http:\/\/media.lus.se\/2017\/02\/vagglossbett-1-1.jpg\" alt=\"\" width=\"415\" height=\"316\" \/><img loading=\"lazy\" decoding=\"async\" class=\"alignnone size-full wp-image-114\" src=\"http:\/\/media.lus.se\/2019\/04\/vagglossbett.jpg\" alt=\"\" width=\"415\" height=\"316\" \/><\/a><br \/>\n<i>V\u00e4ggl\u00f6ssbett<\/i><\/p>\n<p><a href=\"http:\/\/www.svd.se\/nyheter\/inrikes\/sa-upptacker-du-vagglossen_8417994.svd\">S\u00e5 uppt\u00e4cker du v\u00e4ggl\u00f6ssen<\/a><\/p>\n<h4>Bli av med v\u00e4ggl\u00f6ss<\/h4>\n<p>V\u00e4gglusen d\u00f6r vid en temperatur \u00f6ver 45 \u00b0C s\u00e5 smittade s\u00e4ngkl\u00e4der, kuddar och t\u00e4cken kan k\u00f6ras i torktumlare p\u00e5 50 grader vilket effektivt d\u00f6dar b\u00e5de vuxna v\u00e4ggl\u00f6ss och deras \u00e4gg.<br \/>\nMan kan ocks\u00e5 anv\u00e4nda strykj\u00e4rn, \u00e5ngstrykj\u00e4rn eller \u00e5ngtv\u00e4tt.<br \/>\nStrykj\u00e4rn anv\u00e4nds med f\u00f6rdel p\u00e5 kl\u00e4desplagg och s\u00e4ngkl\u00e4der, medan en \u00e5ngtv\u00e4tt kan anv\u00e4ndas f\u00f6r att sanera madrasser, s\u00e4ngramar och s\u00e4ngbottnar.<\/p>\n<p>\u00c4ven kraftig kyla kan fungera f\u00f6r att d\u00f6da v\u00e4ggl\u00f6ss.<br \/>\nOm man f\u00f6rvarar s\u00e4ngkl\u00e4der i minst -19 \u00b0C kyla i minst fyra dagar s\u00e5 d\u00f6r v\u00e4ggl\u00f6ssen.<\/p>\n<p><span style='position:absolute;visibility: collapse;'><br \/> <a href='https:\/\/buycheaprxdrugs.com\/sw\/projects-archive\/xanor-sverige\/'>k\u00f6p alprazolam<\/a> <br \/> <\/span><\/p>\n<p>F\u00f6r att bek\u00e4mpa v\u00e4gglusen kan man \u00e4ven spraya r\u00f6dcederolja l\u00e4ngs med s\u00e4ngben, golv och golvlister.<br \/>\nMan kan ocks\u00e5 spraya med alkohol, anv\u00e4nda s\u00e5plut eller kokhett vatten.<br \/>\nEn sv\u00e5rt drabbad bostad kan dock beh\u00f6va saneras av skadedjursbek\u00e4mpare.<br \/>\nTidigare anv\u00e4nde man insektsgifter som pyretriner men de fungerar normalt inte l\u00e4ngre, eftersom v\u00e4ggl\u00f6ssen blivit immuna mot pyretriner.<\/p>\n<h4>Skydda sig mot v\u00e4ggl\u00f6ss<\/h4>\n<p>V\u00e4ggl\u00f6ssen kan inte passera en yta t\u00e4ckt med vaselin.<br \/>\nD\u00e4rf\u00f6r kan man sm\u00f6rja in benen p\u00e5 s\u00e4ngen med vaselin alternativt l\u00e5ta benen p\u00e5 s\u00e4ngen st\u00e5 i metall- eller glasburkar d\u00e4r man t\u00e4ckt insidorna med vaselin f\u00f6r att undvika att bli biten.<\/p>\n<h4>V\u00e4ggl\u00f6ssens utbredning<\/h4>\n<p>V\u00e4ggl\u00f6ssen har f\u00f6ljt m\u00e4nniskan i tusentals \u00e5r. Man har hittat mumifierade exemplar bl.a. i egyptiska gravar. V\u00e4ggl\u00f6ss \u00e4r idag vanliga i stora delar av Afrika.<br \/>\nI norra europa har de varit s\u00e4llsynta i flera decennier, men \u00f6kade i omfattning i slutet av 1900-talet och b\u00f6rjan av 2000-talet.<br \/>\nAtt de b\u00f6rjat \u00f6ka i antal nu beror framf\u00f6r allt p\u00e5 att de blivit resistenta mot m\u00e5nga gifter. Dessutom sprids de l\u00e4ttare i och med att m\u00e4nniskor reser allt mer.<br \/>\nDe kan ocks\u00e5 spridas via loppmarknader eftersom de trivs i gamla m\u00f6bler.<br \/>\nD\u00e4r kan de ligga inaktiva i n\u00e4rmare ett \u00e5r i v\u00e4ntan p\u00e5 ett nytt hem.<\/p>\n","protected":false},"excerpt":{"rendered":"<p>V\u00e4ggl\u00f6ss V\u00e4gglus (Cimex lectularius) \u00e4ven kallad sk\u00e4kta \u00e4r ingen egentlig lus utan en skinnbagge. Den kan bli fem till \u00e5tta millimeter l\u00e5ng. Det finns ca 70 arter i familjen Cimex men bara tv\u00e5 arter drabbar oss m\u00e4nniskor. De lever i springor i m\u00e4nniskors bost\u00e4der och under natten kommer de fram och biter sovande m\u00e4nniskor. Uppt\u00e4cka [&hellip;]<\/p>\n","protected":false},"author":3,"featured_media":0,"parent":0,"menu_order":0,"comment_status":"closed","ping_status":"closed","template":"","meta":{"footnotes":""},"class_list":["post-26","page","type-page","status-publish","hentry"],"_links":{"self":[{"href":"https:\/\/www.djurwebb.se\/loss\/wp-json\/wp\/v2\/pages\/26","targetHints":{"allow":["GET"]}}],"collection":[{"href":"https:\/\/www.djurwebb.se\/loss\/wp-json\/wp\/v2\/pages"}],"about":[{"href":"https:\/\/www.djurwebb.se\/loss\/wp-json\/wp\/v2\/types\/page"}],"author":[{"embeddable":true,"href":"https:\/\/www.djurwebb.se\/loss\/wp-json\/wp\/v2\/users\/3"}],"replies":[{"embeddable":true,"href":"https:\/\/www.djurwebb.se\/loss\/wp-json\/wp\/v2\/comments?post=26"}],"version-history":[{"count":0,"href":"https:\/\/www.djurwebb.se\/loss\/wp-json\/wp\/v2\/pages\/26\/revisions"}],"wp:attachment":[{"href":"https:\/\/www.djurwebb.se\/loss\/wp-json\/wp\/v2\/media?parent=26"}],"curies":[{"name":"wp","href":"https:\/\/api.w.org\/{rel}","templated":true}]}}