{"id":19,"date":"2017-02-13T18:00:45","date_gmt":"2017-02-13T18:00:45","guid":{"rendered":"http:\/\/lus.se\/?page_id=19"},"modified":"2017-02-13T18:00:45","modified_gmt":"2017-02-13T18:00:45","slug":"flatloss","status":"publish","type":"page","link":"https:\/\/www.djurwebb.se\/loss\/flatloss","title":{"rendered":"Flatl\u00f6ss"},"content":{"rendered":"<div id=\"content\">\n<h1>L\u00f6ss<\/h1>\n<h3>Fakta om flatl\u00f6ss<\/h3>\n<p>L\u00f6ss (Phthiraptera) \u00e4r en ordning i klassen insekter. Det finns \u00f6ver 3 000 olika lusarter.<br \/>\nL\u00f6ss lever som ektoparasiter, d.v.s. de lever utanp\u00e5 v\u00e4rdorganismen, p\u00e5 h\u00e5rstr\u00e5n eller fj\u00e4drar fr\u00e5n olika d\u00e4ggdjur. L\u00f6ssen har reducerade \u00f6gon och \u00e4r vingl\u00f6sa. Deras ben har kloliknande utskott som \u00e4r anpassade f\u00f6r att kl\u00e4nga sig fast med. Vanliga arter som orsaker problem f\u00f6r m\u00e4nniskor \u00e4r <b>flatl\u00f6ss<\/b>, <b>huvudl\u00f6ss<\/b> och <b>kroppsl\u00f6ss<\/b>, \u00e4ven kallade <b>kl\u00e4dl\u00f6ss<\/b>.<\/p>\n<p><img loading=\"lazy\" decoding=\"async\" class=\"alignnone size-full wp-image-20\" src=\"http:\/\/media.lus.se\/2017\/02\/flatlus-1.jpg\" alt=\"\" width=\"164\" height=\"225\" \/><\/p>\n<h3>Flatl\u00f6ss<\/h3>\n<p>Flatlusen (Pthirus pubis) lever i omr\u00e5den med grov h\u00e5rv\u00e4xt hos m\u00e4nniskan, fr\u00e4mst i anslutning till pubish\u00e5r i pubesregionen men \u00e4ven i armh\u00e5lor, sk\u00e4gg eller, speciellt hos barn, i \u00f6gonbryn och \u00f6gonfransar.<br \/>\nFlatlusen saknar vingar och har gripklor anpassade f\u00f6r att h\u00e5lla fast i h\u00e5rstr\u00e5n. Fullvuxna flatl\u00f6ss ser ut som sm\u00e5, silvergula eller svarta korn.<br \/>\nDe har en platt, kort kropp, 1 till 2 millimeter l\u00e5ng.<\/p>\n<p>Flatlusen suger blod fr\u00e5n sin v\u00e4rd och orsaker kl\u00e5da i drabbade regioner. Flatlusens saliv inneh\u00e5ller dessutom ett enzym som bryter ner blodets hemoglobin. Det inneb\u00e4r att det kan uppst\u00e5 en bl\u00e5aktig missf\u00e4rgning runt bettst\u00e4llet.<\/p>\n<h4>Spridning av flatl\u00f6ss<\/h4>\n<p>Flatlusen kan \u00f6verf\u00f6ras fr\u00e5n individ till individ vid sexuellt umg\u00e4nge men \u00e4ven genom kontakt med angripna kl\u00e4der eller s\u00e4ngkl\u00e4der. Flatl\u00f6ss sprids ej via husdjur, andra djur eller toalettstolar.<\/p>\n<h4>Behandling av flatl\u00f6ss<\/h4>\n<p>Flatl\u00f6ss kan behandlas med lotion, schampo eller kr\u00e4m inneh\u00e5llande permetrin.<\/p>\n<p>flatlusangrepp p\u00e5 h\u00e5rbottnen kan behandlas med lindanschampo, f\u00f6ljt av en grundlig sk\u00f6ljning. Lindan \u00e4r ursprungligen ett bek\u00e4mpningsmedel och kan ge allvarliga bieffekter som nervskador, f\u00f6rgiftning och \u00e4r \u00e4ven cancerframkallande.<br \/>\nDet b\u00f6r d\u00e4rf\u00f6r anv\u00e4ndas med f\u00f6rsiktighet och inte alls p\u00e5 barn.<br \/>\nInfektioner p\u00e5 \u00f6gonfransarna orsakade av flatl\u00f6ss kan behandlas med vaselin.<br \/>\nFlatl\u00f6ss och dess \u00e4gg kan \u00e4ven tas bort manuellt med pincett eller med noggrann kamning med metallkam.<br \/>\nEn annan behandling som kan vara till nytta \u00e4r majonn\u00e4s och tetree-olja p\u00e5 de infekterade omr\u00e5dena.<br \/>\nKl\u00e4der och s\u00e4ngkl\u00e4der b\u00f6r tv\u00e4ttas grundligt i kokhett vatten.<br \/>\nSaker som \u00e4r sv\u00e5ra att tv\u00e4tta, som stora t\u00e4cken eller filtar kan rullas ihop och f\u00f6rvaras \u00e5tskilt under minst en m\u00e5nad. En flatlus kan normalt endast \u00f6verleva 1-2 dygn utanf\u00f6r m\u00e4nniskokroppen.<\/p>\n<h4>Flatl\u00f6ss och andra sjukdomar<\/h4>\n<p>Flatl\u00f6ss sprider inte n\u00e5gon infektionssjukdom.<\/p>\n<\/div>\n","protected":false},"excerpt":{"rendered":"<p>L\u00f6ss Fakta om flatl\u00f6ss L\u00f6ss (Phthiraptera) \u00e4r en ordning i klassen insekter. Det finns \u00f6ver 3 000 olika lusarter. L\u00f6ss lever som ektoparasiter, d.v.s. de lever utanp\u00e5 v\u00e4rdorganismen, p\u00e5 h\u00e5rstr\u00e5n eller fj\u00e4drar fr\u00e5n olika d\u00e4ggdjur. L\u00f6ssen har reducerade \u00f6gon och \u00e4r vingl\u00f6sa. Deras ben har kloliknande utskott som \u00e4r anpassade f\u00f6r att kl\u00e4nga sig fast [&hellip;]<\/p>\n","protected":false},"author":3,"featured_media":0,"parent":0,"menu_order":0,"comment_status":"closed","ping_status":"closed","template":"","meta":{"footnotes":""},"class_list":["post-19","page","type-page","status-publish","hentry"],"_links":{"self":[{"href":"https:\/\/www.djurwebb.se\/loss\/wp-json\/wp\/v2\/pages\/19","targetHints":{"allow":["GET"]}}],"collection":[{"href":"https:\/\/www.djurwebb.se\/loss\/wp-json\/wp\/v2\/pages"}],"about":[{"href":"https:\/\/www.djurwebb.se\/loss\/wp-json\/wp\/v2\/types\/page"}],"author":[{"embeddable":true,"href":"https:\/\/www.djurwebb.se\/loss\/wp-json\/wp\/v2\/users\/3"}],"replies":[{"embeddable":true,"href":"https:\/\/www.djurwebb.se\/loss\/wp-json\/wp\/v2\/comments?post=19"}],"version-history":[{"count":0,"href":"https:\/\/www.djurwebb.se\/loss\/wp-json\/wp\/v2\/pages\/19\/revisions"}],"wp:attachment":[{"href":"https:\/\/www.djurwebb.se\/loss\/wp-json\/wp\/v2\/media?parent=19"}],"curies":[{"name":"wp","href":"https:\/\/api.w.org\/{rel}","templated":true}]}}