{"id":16,"date":"2017-02-13T17:57:15","date_gmt":"2017-02-13T17:57:15","guid":{"rendered":"http:\/\/lus.se\/?page_id=16"},"modified":"2017-02-13T17:57:15","modified_gmt":"2017-02-13T17:57:15","slug":"loppor","status":"publish","type":"page","link":"https:\/\/www.djurwebb.se\/loss\/loppor","title":{"rendered":"Loppor"},"content":{"rendered":"<h3>Loppor<\/h3>\n<p>Lopporna omfattar minst 2000 arter och underarter.<br \/>\nLoppor \u00e4r 2\u20133 mm stora, vingl\u00f6sa insekter. De \u00e4r blodsugande parasiter med en fr\u00e5n sidorna starkt tillplattad kropp. M\u00e5nga loppor har kraftiga bakben med vilka de kan g\u00f6ra l\u00e5nga hopp.<br \/>\nM\u00e4nniskoloppan (Pulex irritans) trivs d\u00e4r det \u00e4r smutsigt och fuktigt. Den \u00e4r d\u00e4rmed s\u00e4llsynt i v\u00e5ra rena och torra bost\u00e4der i Sverige. Den \u00e4r fortfarande vanligt f\u00f6rekommande i m\u00e5nga andra delar av v\u00e4rlden.<\/p>\n<p>Loppans larver har inga extremiteter och lever p\u00e5 organiskt material i v\u00e4rddjurets bo. Puppan ligger inspunnen i en kokong, d\u00e4r den f\u00e4rdiga loppan sedan kan ligga i m\u00e5nga m\u00e5nader och v\u00e4nta p\u00e5 att ett v\u00e4rddjur ska dyka upp. Detta f\u00f6rklarar varf\u00f6r m\u00e4nniskor kan bli angripna av horder av loppor i hus som st\u00e5tt obebodda under l\u00e5ng tid.<\/p>\n<p>Loppor lever i regel p\u00e5 d\u00e4ggdjur, en mindre andel lever dock p\u00e5 f\u00e5glar. Lopporna \u00e4r inte helt v\u00e4rdspecifika, vilket inneb\u00e4r att de ibland kan hoppa \u00f6ver till andra djurarter och d\u00e5 ocks\u00e5 \u00f6verf\u00f6ra infektioner fr\u00e5n en djurart till en annan.<br \/>\nSjukdomar som kan spridas med loppor \u00e4r bl.a. pest och s.k. murin tyfus.<\/p>\n<p>Dammsugning och grundlig reng\u00f6ring \u00e4r b\u00e4sta s\u00e4ttet att bek\u00e4mpa en loppinvasion.<\/p>\n<p>&nbsp;<\/p>\n<p>&nbsp;<\/p>\n<h4>Loppfakta<\/h4>\n<p>    * Loppor kan hoppa \u00f6ver 150 g\u00e5nger sin egen storlek (ca 30 cm)<br \/>\n\t* Loppor kan dra 160.000 g\u00e5nger sin egen vikt.<br \/>\n\t* N\u00e4r en loppa hoppar, accelererar den 50 g\u00e5nger snabbare \u00e4n en rymdf\u00e4rja.<\/p>\n<p>    * En loppa kan hoppa 30.000 g\u00e5nger utan att stanna.<br \/>\n    * Loppor har inte \u00f6ron och \u00e4r n\u00e4stan blinda.<br \/>\n    * Den genomsnittliga loppan \u00e4r mellan 2mm och 3 mm l\u00e5ng och v\u00e4ger ca 0.03g.<br \/>\n\t* Loppor kan frysas i upp till ett \u00e5r och sedan \u00e5teruppliva sj\u00e4lva.<br \/>\n    * Loppor kan l\u00e4gga upp till 1.500 \u00e4gg under sin livstid.<br \/>\n    * En loppas livscykel kan vara s\u00e5 kort som 14 dagar eller upp till 12 m\u00e5nader.<br \/>\n    * En enda loppa kan bli till tusen p\u00e5 ditt husdjur eller i ditt hem p\u00e5 bara 21 dagar.<br \/>\n    * Loppcirkusar uppstod i England p\u00e5 sextonhundratalet.<br \/>\n    * Bland n\u00e4stan alla arter av loppor \u00e4r honan st\u00f6rre \u00e4n hanen.<br \/>\n    * Lopplarver gillar inte ljus s\u00e5 de r\u00f6r sig bort fr\u00e5n det, djupt in i mattor, sprickor i golv eller n\u00e5got skrymsle eller vr\u00e5.<\/p>\n","protected":false},"excerpt":{"rendered":"<p>Loppor Lopporna omfattar minst 2000 arter och underarter. Loppor \u00e4r 2\u20133 mm stora, vingl\u00f6sa insekter. De \u00e4r blodsugande parasiter med en fr\u00e5n sidorna starkt tillplattad kropp. M\u00e5nga loppor har kraftiga bakben med vilka de kan g\u00f6ra l\u00e5nga hopp. M\u00e4nniskoloppan (Pulex irritans) trivs d\u00e4r det \u00e4r smutsigt och fuktigt. Den \u00e4r d\u00e4rmed s\u00e4llsynt i v\u00e5ra rena [&hellip;]<\/p>\n","protected":false},"author":3,"featured_media":0,"parent":0,"menu_order":0,"comment_status":"closed","ping_status":"closed","template":"","meta":{"footnotes":""},"class_list":["post-16","page","type-page","status-publish","hentry"],"_links":{"self":[{"href":"https:\/\/www.djurwebb.se\/loss\/wp-json\/wp\/v2\/pages\/16","targetHints":{"allow":["GET"]}}],"collection":[{"href":"https:\/\/www.djurwebb.se\/loss\/wp-json\/wp\/v2\/pages"}],"about":[{"href":"https:\/\/www.djurwebb.se\/loss\/wp-json\/wp\/v2\/types\/page"}],"author":[{"embeddable":true,"href":"https:\/\/www.djurwebb.se\/loss\/wp-json\/wp\/v2\/users\/3"}],"replies":[{"embeddable":true,"href":"https:\/\/www.djurwebb.se\/loss\/wp-json\/wp\/v2\/comments?post=16"}],"version-history":[{"count":0,"href":"https:\/\/www.djurwebb.se\/loss\/wp-json\/wp\/v2\/pages\/16\/revisions"}],"wp:attachment":[{"href":"https:\/\/www.djurwebb.se\/loss\/wp-json\/wp\/v2\/media?parent=16"}],"curies":[{"name":"wp","href":"https:\/\/api.w.org\/{rel}","templated":true}]}}