{"id":13,"date":"2017-02-13T17:56:33","date_gmt":"2017-02-13T17:56:33","guid":{"rendered":"http:\/\/lus.se\/?page_id=13"},"modified":"2017-02-13T17:56:33","modified_gmt":"2017-02-13T17:56:33","slug":"bladloss","status":"publish","type":"page","link":"https:\/\/www.djurwebb.se\/loss\/bladloss","title":{"rendered":"Bladl\u00f6ss"},"content":{"rendered":"<h3>Bladl\u00f6ss<\/h3>\n<p>Bladl\u00f6ss (Aphidoidea) \u00e4r trots namnet, ingen lus utan tillh\u00f6r ordningen halvvingar.<br \/>\nBladlusen blir cirka 2 till 3 millimeter stora och lever av att suga n\u00e4ring ur v\u00e4xter. De \u00e4r ofta gr\u00f6na eller svarta och har en p\u00e4ronformad kropp.<\/p>\n<p><img loading=\"lazy\" decoding=\"async\" class=\"alignnone size-full wp-image-30\" src=\"http:\/\/media.lus.se\/2017\/02\/bladlus-1.jpg\" alt=\"\" width=\"144\" height=\"100\" \/><\/p>\n<p>Bladl\u00f6ssen \u00e4r flockdjur och syns oftast i stora, t\u00e4ta grupper med b\u00e5de ungar och vuxna. I Sverige finns cirka 365 arter av bladl\u00f6ss. De flesta lever i s\u00f6dra delen av Sverige. Bladl\u00f6ssen lever p\u00e5 att suga n\u00e4ring fr\u00e5n v\u00e4xter vilket g\u00f6r att de kan orsaka stor skada p\u00e5 nytto och prydnadsv\u00e4xter.<br \/>\nEn frisk planta klarar oftast ett mindre bladlusangrepp men vid st\u00f6rre angrepp kan v\u00e4xtens n\u00e4ringsbrist p\u00e5verka tillv\u00e4xthastighet, blomning och fruktproduktion.<\/p>\n<p>Vissa bladlusarter producerar ett enzym, som f\u00e5r v\u00e4xtens blad att rulla ihop sig.<br \/>\nDe ihoprullade bladen \u00e4r k\u00e4nsliga f\u00f6r svampangrepp, vilket kan spridas till andra delar av v\u00e4xten, s\u00e4rskilt om plantan redan \u00e4r f\u00f6rsvagad av bladlusangreppet.<\/p>\n<p>Bladl\u00f6ss kan bek\u00e4mpas genom biologisk bek\u00e4mpning med insekter som lever p\u00e5 bladl\u00f6ss, t.ex. nyckelpigor, sl\u00e4ndor, parasitsteklar N\u00e4tvingelarver, blomflugelarver och bladluslejon. Man kan ocks\u00e5 spruta med hett vatten eller s\u00e5pvatten p\u00e5 bladl\u00f6ssen eller anv\u00e4nda n\u00e5got av de bek\u00e4mpningsmedel som finns att k\u00f6pa i tr\u00e4dg\u00e5rdsbutiker.<\/p>\n","protected":false},"excerpt":{"rendered":"<p>Bladl\u00f6ss Bladl\u00f6ss (Aphidoidea) \u00e4r trots namnet, ingen lus utan tillh\u00f6r ordningen halvvingar. Bladlusen blir cirka 2 till 3 millimeter stora och lever av att suga n\u00e4ring ur v\u00e4xter. De \u00e4r ofta gr\u00f6na eller svarta och har en p\u00e4ronformad kropp. Bladl\u00f6ssen \u00e4r flockdjur och syns oftast i stora, t\u00e4ta grupper med b\u00e5de ungar och vuxna. I [&hellip;]<\/p>\n","protected":false},"author":3,"featured_media":0,"parent":0,"menu_order":0,"comment_status":"closed","ping_status":"closed","template":"","meta":{"footnotes":""},"class_list":["post-13","page","type-page","status-publish","hentry"],"_links":{"self":[{"href":"https:\/\/www.djurwebb.se\/loss\/wp-json\/wp\/v2\/pages\/13","targetHints":{"allow":["GET"]}}],"collection":[{"href":"https:\/\/www.djurwebb.se\/loss\/wp-json\/wp\/v2\/pages"}],"about":[{"href":"https:\/\/www.djurwebb.se\/loss\/wp-json\/wp\/v2\/types\/page"}],"author":[{"embeddable":true,"href":"https:\/\/www.djurwebb.se\/loss\/wp-json\/wp\/v2\/users\/3"}],"replies":[{"embeddable":true,"href":"https:\/\/www.djurwebb.se\/loss\/wp-json\/wp\/v2\/comments?post=13"}],"version-history":[{"count":0,"href":"https:\/\/www.djurwebb.se\/loss\/wp-json\/wp\/v2\/pages\/13\/revisions"}],"wp:attachment":[{"href":"https:\/\/www.djurwebb.se\/loss\/wp-json\/wp\/v2\/media?parent=13"}],"curies":[{"name":"wp","href":"https:\/\/api.w.org\/{rel}","templated":true}]}}